{"id":14,"date":"2018-11-27T09:17:42","date_gmt":"2018-11-27T17:17:42","guid":{"rendered":"https:\/\/sbtu.org\/?page_id=14"},"modified":"2026-03-11T16:13:24","modified_gmt":"2026-03-11T23:13:24","slug":"tenanthelpdesk","status":"publish","type":"page","link":"https:\/\/sbtu.org\/es\/tenanthelpdesk\/","title":{"rendered":"Tenant Help Desk"},"content":{"rendered":"<div data-elementor-type=\"wp-post\" data-elementor-id=\"14\" class=\"elementor elementor-14\">\n\t\t\t\t\t\t<section class=\"elementor-section elementor-top-section elementor-element elementor-element-8262e30 elementor-section-content-middle elementor-section-boxed elementor-section-height-default elementor-section-height-default\" data-id=\"8262e30\" data-element_type=\"section\" data-e-type=\"section\">\n\t\t\t\t\t\t\t<div class=\"elementor-background-overlay\"><\/div>\n\t\t\t\t\t\t\t<div class=\"elementor-container elementor-column-gap-no\">\n\t\t\t\t\t<div class=\"elementor-column elementor-col-100 elementor-top-column elementor-element elementor-element-da6ae65\" data-id=\"da6ae65\" data-element_type=\"column\" data-e-type=\"column\">\n\t\t\t<div class=\"elementor-widget-wrap elementor-element-populated\">\n\t\t\t\t\t\t<div class=\"elementor-element elementor-element-6f376bb elementor-widget elementor-widget-spacer\" data-id=\"6f376bb\" data-element_type=\"widget\" data-e-type=\"widget\" data-widget_type=\"spacer.default\">\n\t\t\t\t<div class=\"elementor-widget-container\">\n\t\t\t\t\t\t\t<div class=\"elementor-spacer\">\n\t\t\t<div class=\"elementor-spacer-inner\"><\/div>\n\t\t<\/div>\n\t\t\t\t\t\t<\/div>\n\t\t\t\t<\/div>\n\t\t\t\t\t<\/div>\n\t\t<\/div>\n\t\t\t\t\t<\/div>\n\t\t<\/section>\n\t\t\t\t<section class=\"elementor-section elementor-top-section elementor-element elementor-element-3456660 elementor-section-content-middle elementor-section-boxed elementor-section-height-default elementor-section-height-default\" data-id=\"3456660\" data-element_type=\"section\" data-e-type=\"section\">\n\t\t\t\t\t\t\t<div class=\"elementor-background-overlay\"><\/div>\n\t\t\t\t\t\t\t<div class=\"elementor-container elementor-column-gap-no\">\n\t\t\t\t\t<div class=\"elementor-column elementor-col-100 elementor-top-column elementor-element elementor-element-0ae2930\" data-id=\"0ae2930\" data-element_type=\"column\" data-e-type=\"column\">\n\t\t\t<div class=\"elementor-widget-wrap elementor-element-populated\">\n\t\t\t\t\t\t<div class=\"elementor-element elementor-element-8b739c8 elementor-widget-divider--view-line elementor-widget elementor-widget-divider\" data-id=\"8b739c8\" data-element_type=\"widget\" data-e-type=\"widget\" data-widget_type=\"divider.default\">\n\t\t\t\t<div class=\"elementor-widget-container\">\n\t\t\t\t\t\t\t<div class=\"elementor-divider\">\n\t\t\t<span class=\"elementor-divider-separator\">\n\t\t\t\t\t\t<\/span>\n\t\t<\/div>\n\t\t\t\t\t\t<\/div>\n\t\t\t\t<\/div>\n\t\t\t\t<div class=\"elementor-element elementor-element-833a809 elementor-widget elementor-widget-image\" data-id=\"833a809\" data-element_type=\"widget\" data-e-type=\"widget\" data-widget_type=\"image.default\">\n\t\t\t\t<div class=\"elementor-widget-container\">\n\t\t\t\t\t\t\t\t\t\t\t\t\t\t\t<img fetchpriority=\"high\" decoding=\"async\" width=\"1024\" height=\"1024\" src=\"https:\/\/sbtu.org\/wp-content\/uploads\/2026\/03\/signal-2026-03-11-160950-1024x1024.jpeg\" class=\"attachment-large size-large wp-image-7474\" alt=\"\" srcset=\"https:\/\/sbtu.org\/wp-content\/uploads\/2026\/03\/signal-2026-03-11-160950-1024x1024.jpeg 1024w, https:\/\/sbtu.org\/wp-content\/uploads\/2026\/03\/signal-2026-03-11-160950-300x300.jpeg 300w, https:\/\/sbtu.org\/wp-content\/uploads\/2026\/03\/signal-2026-03-11-160950-150x150.jpeg 150w, https:\/\/sbtu.org\/wp-content\/uploads\/2026\/03\/signal-2026-03-11-160950-768x768.jpeg 768w, https:\/\/sbtu.org\/wp-content\/uploads\/2026\/03\/signal-2026-03-11-160950-12x12.jpeg 12w, https:\/\/sbtu.org\/wp-content\/uploads\/2026\/03\/signal-2026-03-11-160950.jpeg 1080w\" sizes=\"(max-width: 1024px) 100vw, 1024px\" \/>\t\t\t\t\t\t\t\t\t\t\t\t\t\t\t<\/div>\n\t\t\t\t<\/div>\n\t\t\t\t<div class=\"elementor-element elementor-element-7e2a996 elementor-widget elementor-widget-heading\" data-id=\"7e2a996\" data-element_type=\"widget\" data-e-type=\"widget\" data-widget_type=\"heading.default\">\n\t\t\t\t<div class=\"elementor-widget-container\">\n\t\t\t\t\t<h2 class=\"elementor-heading-title elementor-size-default\">Tenant Help Desk<\/h2>\t\t\t\t<\/div>\n\t\t\t\t<\/div>\n\t\t\t\t\t<\/div>\n\t\t<\/div>\n\t\t\t\t\t<\/div>\n\t\t<\/section>\n\t\t\t\t<section class=\"elementor-section elementor-top-section elementor-element elementor-element-9268009 elementor-section-boxed elementor-section-height-default elementor-section-height-default\" data-id=\"9268009\" data-element_type=\"section\" data-e-type=\"section\">\n\t\t\t\t\t\t<div class=\"elementor-container elementor-column-gap-default\">\n\t\t\t\t\t<div class=\"elementor-column elementor-col-100 elementor-top-column elementor-element elementor-element-8d13130\" data-id=\"8d13130\" data-element_type=\"column\" data-e-type=\"column\">\n\t\t\t<div class=\"elementor-widget-wrap elementor-element-populated\">\n\t\t\t\t\t\t<div class=\"elementor-element elementor-element-200ce42 elementor-widget elementor-widget-text-editor\" data-id=\"200ce42\" data-element_type=\"widget\" data-e-type=\"widget\" data-widget_type=\"text-editor.default\">\n\t\t\t\t<div class=\"elementor-widget-container\">\n\t\t\t\t\t\t\t\t\t<p><b>Si habla espa\u00f1ol, complete<\/b><a style=\"font-weight: bold;\" href=\"https:\/\/docs.google.com\/forms\/d\/e\/1FAIpQLSdYTHplwm6YpF5R6cnMr6klsQ8WBcJu_Ql2zF-k1moWH5QAGg\/viewform?usp=sf_link\"> este formulario de admisi\u00f3n en espa\u00f1ol <\/a><b>antes de unirse a la mesa de ayuda para inquilinos:<\/b><br><b>https:\/\/forms.gle\/Kcb71hTkQG7CPXkj8<\/b><\/p>\n<p><span id=\"docs-internal-guid-679fa3b1-7fff-a5c6-6b7d-2ad3ce3e4ff3\"><span style=\"font-size: 12pt; font-family: Arial, sans-serif; font-variant-numeric: normal; font-variant-east-asian: normal; font-variant-alternates: normal; font-variant-position: normal; font-variant-emoji: normal; vertical-align: baseline; white-space-collapse: preserve;\">Thursdays 6-7pm at Alice Keck Park on the grass by the turtle pond \u2013 EXCEPT the last Thursday of the month. The last Thursday is the SBTU general meeting which is open to all tenants and you\u2019re encouraged to attend. Usually meeting info is posted on the <\/span><a href=\"https:\/\/www.instagram.com\/sbtenantsunion\/\"><span style=\"font-size: 12pt; font-family: Arial, sans-serif; font-variant-numeric: normal; font-variant-east-asian: normal; font-variant-alternates: normal; font-variant-position: normal; font-variant-emoji: normal; vertical-align: baseline; white-space-collapse: preserve;\">Instagram page.<\/span><span style=\"font-size: 12pt; font-family: Arial, sans-serif; color: #222222; font-variant-numeric: normal; font-variant-east-asian: normal; font-variant-alternates: normal; font-variant-position: normal; font-variant-emoji: normal; vertical-align: baseline; white-space-collapse: preserve;\"><br><\/span><span style=\"font-size: 12pt; font-family: Arial, sans-serif; color: #222222; font-variant-numeric: normal; font-variant-east-asian: normal; font-variant-alternates: normal; font-variant-position: normal; font-variant-emoji: normal; vertical-align: baseline; white-space-collapse: preserve;\"><br><\/span><\/a><span style=\"font-size: 12pt; font-family: Arial, sans-serif; font-variant-numeric: normal; font-variant-east-asian: normal; font-variant-alternates: normal; font-variant-position: normal; font-variant-emoji: normal; vertical-align: baseline; white-space-collapse: preserve;\">If you\u2019re dealing with problems with your landlord, Tenant Help Desk is the place to come. It\u2019s a weekly meeting where renters like you talk through issues and come up with solutions together. Attendees have been through various issues such as renoviction, harassment, serious habitability issues and neglect, and have a wide range of experience and knowledge to share with you. <\/span><span style=\"font-size: 12pt; font-family: Arial, sans-serif; font-variant-numeric: normal; font-variant-east-asian: normal; font-variant-alternates: normal; font-variant-position: normal; font-variant-emoji: normal; vertical-align: baseline; white-space-collapse: preserve;\"><br><\/span><span style=\"font-size: 12pt; font-family: Arial, sans-serif; font-variant-numeric: normal; font-variant-east-asian: normal; font-variant-alternates: normal; font-variant-position: normal; font-variant-emoji: normal; vertical-align: baseline; white-space-collapse: preserve;\"><br><\/span><span style=\"font-size: 12pt; font-family: Arial, sans-serif; font-weight: bold; font-variant-numeric: normal; font-variant-east-asian: normal; font-variant-alternates: normal; font-variant-position: normal; font-variant-emoji: normal; vertical-align: baseline; white-space-collapse: preserve;\">Please note: you must be a member of the Santa Barbara Tenants Union to join the Tenant Help Desk. If you haven\u2019t joined yet, you can do so <\/span><a href=\"http:\/\/sbtu.org\/es\/join\/\"><span style=\"font-size: 12pt; font-family: Arial, sans-serif; font-weight: bold; font-variant-numeric: normal; font-variant-east-asian: normal; font-variant-alternates: normal; font-variant-position: normal; font-variant-emoji: normal; vertical-align: baseline; white-space-collapse: preserve;\">here<\/span><\/a><span style=\"font-size: 12pt; font-family: Arial, sans-serif; font-weight: bold; font-variant-numeric: normal; font-variant-east-asian: normal; font-variant-alternates: normal; font-variant-position: normal; font-variant-emoji: normal; vertical-align: baseline; white-space-collapse: preserve;\">. Joining is quick and simple, dues are pay-what-you-can (including $0\/month if you can\u2019t even do $1\/mo).<\/span><span style=\"font-size: 12pt; font-family: Arial, sans-serif; font-weight: bold; font-variant-numeric: normal; font-variant-east-asian: normal; font-variant-alternates: normal; font-variant-position: normal; font-variant-emoji: normal; vertical-align: baseline; white-space-collapse: preserve;\"><br><\/span><span style=\"font-size: 12pt; font-family: Arial, sans-serif; font-weight: bold; font-variant-numeric: normal; font-variant-east-asian: normal; font-variant-alternates: normal; font-variant-position: normal; font-variant-emoji: normal; vertical-align: baseline; white-space-collapse: preserve;\"><br><\/span><span style=\"font-size: 12pt; font-family: Arial, sans-serif; font-weight: bold; font-variant-numeric: normal; font-variant-east-asian: normal; font-variant-alternates: normal; font-variant-position: normal; font-variant-emoji: normal; vertical-align: baseline; white-space-collapse: preserve;\">For accessibility issues email jslesner@accesscentralcoast.org<\/span><\/span><\/p>\n<p><strong style=\"font-style: inherit; background-color: var(--ast-global-color-4); color: var(--ast-global-color-3);\">&nbsp;<\/strong><strong style=\"font-style: inherit; color: var(--ast-global-color-3); background-color: var(--ast-global-color-4);\">&nbsp;<\/strong><\/p>\t\t\t\t\t\t\t\t<\/div>\n\t\t\t\t<\/div>\n\t\t\t\t<section class=\"elementor-section elementor-inner-section elementor-element elementor-element-e11eb3f elementor-section-boxed elementor-section-height-default elementor-section-height-default\" data-id=\"e11eb3f\" data-element_type=\"section\" data-e-type=\"section\">\n\t\t\t\t\t\t<div class=\"elementor-container elementor-column-gap-default\">\n\t\t\t\t\t<div class=\"elementor-column elementor-col-50 elementor-inner-column elementor-element elementor-element-facfe32\" data-id=\"facfe32\" data-element_type=\"column\" data-e-type=\"column\">\n\t\t\t<div class=\"elementor-widget-wrap elementor-element-populated\">\n\t\t\t\t\t\t<div class=\"elementor-element elementor-element-d73619d elementor-view-default elementor-widget elementor-widget-icon\" data-id=\"d73619d\" data-element_type=\"widget\" data-e-type=\"widget\" data-widget_type=\"icon.default\">\n\t\t\t\t<div class=\"elementor-widget-container\">\n\t\t\t\t\t\t\t<div class=\"elementor-icon-wrapper\">\n\t\t\t<div class=\"elementor-icon\">\n\t\t\t<i aria-hidden=\"true\" class=\"fas fa-clipboard-list\"><\/i>\t\t\t<\/div>\n\t\t<\/div>\n\t\t\t\t\t\t<\/div>\n\t\t\t\t<\/div>\n\t\t\t\t<div class=\"elementor-element elementor-element-dd82635 elementor-widget elementor-widget-text-editor\" data-id=\"dd82635\" data-element_type=\"widget\" data-e-type=\"widget\" data-widget_type=\"text-editor.default\">\n\t\t\t\t<div class=\"elementor-widget-container\">\n\t\t\t\t\t\t\t\t\t<h5>To Join:<\/h5><ol><li>Make sure you&#8217;re a Member or <a href=\"http:\/\/sbtu.org\/es\/join\/\">join here<\/a><\/li><li>Fill out this <a href=\"https:\/\/forms.gle\/AGrzt7tKer9BLKTC7\">Intake Form<\/a>*<\/li><li>Join our videocall Thursday (you&#8217;ll find out how to join at the very end of the intake form)<br \/><h6><i>*if you have any trouble or access requests with filling out our Intake Form, contact us at sbtenantsunion@gmail.com<\/i><\/h6><\/li><\/ol>\t\t\t\t\t\t\t\t<\/div>\n\t\t\t\t<\/div>\n\t\t\t\t\t<\/div>\n\t\t<\/div>\n\t\t\t\t<div class=\"elementor-column elementor-col-50 elementor-inner-column elementor-element elementor-element-4cbb3aa\" data-id=\"4cbb3aa\" data-element_type=\"column\" data-e-type=\"column\">\n\t\t\t<div class=\"elementor-widget-wrap elementor-element-populated\">\n\t\t\t\t\t\t<div class=\"elementor-element elementor-element-fdb4180 elementor-view-default elementor-widget elementor-widget-icon\" data-id=\"fdb4180\" data-element_type=\"widget\" data-e-type=\"widget\" data-widget_type=\"icon.default\">\n\t\t\t\t<div class=\"elementor-widget-container\">\n\t\t\t\t\t\t\t<div class=\"elementor-icon-wrapper\">\n\t\t\t<div class=\"elementor-icon\">\n\t\t\t<i aria-hidden=\"true\" class=\"fas fa-info-circle\"><\/i>\t\t\t<\/div>\n\t\t<\/div>\n\t\t\t\t\t\t<\/div>\n\t\t\t\t<\/div>\n\t\t\t\t<div class=\"elementor-element elementor-element-e79dc7a elementor-widget elementor-widget-text-editor\" data-id=\"e79dc7a\" data-element_type=\"widget\" data-e-type=\"widget\" data-widget_type=\"text-editor.default\">\n\t\t\t\t<div class=\"elementor-widget-container\">\n\t\t\t\t\t\t\t\t\t<h4 dir=\"ltr\">To Join the Videocall:<\/h4><p>Fill out the intake form and you&#8217;ll find out how to join the videocall at the end of the form, at the bottom. <\/p>\t\t\t\t\t\t\t\t<\/div>\n\t\t\t\t<\/div>\n\t\t\t\t\t<\/div>\n\t\t<\/div>\n\t\t\t\t\t<\/div>\n\t\t<\/section>\n\t\t\t\t\t<\/div>\n\t\t<\/div>\n\t\t\t\t\t<\/div>\n\t\t<\/section>\n\t\t\t\t<\/div>","protected":false},"excerpt":{"rendered":"<p>Tenant Help Desk Si habla espa\u00f1ol, complete este formulario de admisi\u00f3n en espa\u00f1ol antes de unirse a la mesa de ayuda para inquilinos:https:\/\/forms.gle\/Kcb71hTkQG7CPXkj8 Thursdays 6-7pm at Alice Keck Park on the grass by the turtle pond \u2013 EXCEPT the last Thursday of the month. The last Thursday is the SBTU general meeting which is open [&hellip;]<\/p>\n","protected":false},"author":1,"featured_media":0,"parent":0,"menu_order":0,"comment_status":"closed","ping_status":"closed","template":"","meta":{"site-sidebar-layout":"no-sidebar","site-content-layout":"page-builder","ast-site-content-layout":"default","site-content-style":"default","site-sidebar-style":"default","ast-global-header-display":"","ast-banner-title-visibility":"","ast-main-header-display":"","ast-hfb-above-header-display":"","ast-hfb-below-header-display":"","ast-hfb-mobile-header-display":"","site-post-title":"disabled","ast-breadcrumbs-content":"","ast-featured-img":"disabled","footer-sml-layout":"","ast-disable-related-posts":"","theme-transparent-header-meta":"enabled","adv-header-id-meta":"","stick-header-meta":"","header-above-stick-meta":"","header-main-stick-meta":"","header-below-stick-meta":"","astra-migrate-meta-layouts":"default","ast-page-background-enabled":"default","ast-page-background-meta":{"desktop":{"background-color":"","background-image":"","background-repeat":"repeat","background-position":"center center","background-size":"auto","background-attachment":"scroll","background-type":"","background-media":"","overlay-type":"","overlay-color":"","overlay-opacity":"","overlay-gradient":""},"tablet":{"background-color":"","background-image":"","background-repeat":"repeat","background-position":"center center","background-size":"auto","background-attachment":"scroll","background-type":"","background-media":"","overlay-type":"","overlay-color":"","overlay-opacity":"","overlay-gradient":""},"mobile":{"background-color":"","background-image":"","background-repeat":"repeat","background-position":"center center","background-size":"auto","background-attachment":"scroll","background-type":"","background-media":"","overlay-type":"","overlay-color":"","overlay-opacity":"","overlay-gradient":""}},"ast-content-background-meta":{"desktop":{"background-color":"var(--ast-global-color-5)","background-image":"","background-repeat":"repeat","background-position":"center center","background-size":"auto","background-attachment":"scroll","background-type":"","background-media":"","overlay-type":"","overlay-color":"","overlay-opacity":"","overlay-gradient":""},"tablet":{"background-color":"var(--ast-global-color-5)","background-image":"","background-repeat":"repeat","background-position":"center center","background-size":"auto","background-attachment":"scroll","background-type":"","background-media":"","overlay-type":"","overlay-color":"","overlay-opacity":"","overlay-gradient":""},"mobile":{"background-color":"var(--ast-global-color-5)","background-image":"","background-repeat":"repeat","background-position":"center center","background-size":"auto","background-attachment":"scroll","background-type":"","background-media":"","overlay-type":"","overlay-color":"","overlay-opacity":"","overlay-gradient":""}},"footnotes":""},"class_list":["post-14","page","type-page","status-publish","hentry"],"yoast_head":"<!-- This site is optimized with the Yoast SEO plugin v27.5 - https:\/\/yoast.com\/product\/yoast-seo-wordpress\/ -->\n<title>Tenant Help Desk - Santa Barbara Tenants Union<\/title>\n<meta name=\"robots\" content=\"index, follow, max-snippet:-1, max-image-preview:large, max-video-preview:-1\" \/>\n<link rel=\"canonical\" href=\"https:\/\/sbtu.org\/es\/tenanthelpdesk\/\" \/>\n<meta property=\"og:locale\" content=\"es_MX\" \/>\n<meta property=\"og:type\" content=\"article\" \/>\n<meta property=\"og:title\" content=\"Tenant Help Desk - Santa Barbara Tenants Union\" \/>\n<meta property=\"og:description\" content=\"Tenant Help Desk Si habla espa\u00f1ol, complete este formulario de admisi\u00f3n en espa\u00f1ol antes de unirse a la mesa de ayuda para inquilinos:https:\/\/forms.gle\/Kcb71hTkQG7CPXkj8 Thursdays 6-7pm at Alice Keck Park on the grass by the turtle pond \u2013 EXCEPT the last Thursday of the month. The last Thursday is the SBTU general meeting which is open [&hellip;]\" \/>\n<meta property=\"og:url\" content=\"https:\/\/sbtu.org\/es\/tenanthelpdesk\/\" \/>\n<meta property=\"og:site_name\" content=\"Santa Barbara Tenants Union\" \/>\n<meta property=\"article:modified_time\" content=\"2026-03-11T23:13:24+00:00\" \/>\n<meta property=\"og:image\" content=\"https:\/\/sbtu.org\/wp-content\/uploads\/2026\/03\/signal-2026-03-11-160950-1024x1024.jpeg\" \/>\n<meta name=\"twitter:card\" content=\"summary_large_image\" \/>\n<meta name=\"twitter:label1\" content=\"Tiempo de lectura\" \/>\n\t<meta name=\"twitter:data1\" content=\"2 minutos\" \/>\n<script type=\"application\/ld+json\" class=\"yoast-schema-graph\">{\"@context\":\"https:\\\/\\\/schema.org\",\"@graph\":[{\"@type\":\"WebPage\",\"@id\":\"https:\\\/\\\/sbtu.org\\\/tenanthelpdesk\\\/\",\"url\":\"https:\\\/\\\/sbtu.org\\\/tenanthelpdesk\\\/\",\"name\":\"Tenant Help Desk - Santa Barbara Tenants Union\",\"isPartOf\":{\"@id\":\"https:\\\/\\\/sbtu.org\\\/#website\"},\"primaryImageOfPage\":{\"@id\":\"https:\\\/\\\/sbtu.org\\\/tenanthelpdesk\\\/#primaryimage\"},\"image\":{\"@id\":\"https:\\\/\\\/sbtu.org\\\/tenanthelpdesk\\\/#primaryimage\"},\"thumbnailUrl\":\"https:\\\/\\\/sbtu.org\\\/wp-content\\\/uploads\\\/2026\\\/03\\\/signal-2026-03-11-160950-1024x1024.jpeg\",\"datePublished\":\"2018-11-27T17:17:42+00:00\",\"dateModified\":\"2026-03-11T23:13:24+00:00\",\"breadcrumb\":{\"@id\":\"https:\\\/\\\/sbtu.org\\\/tenanthelpdesk\\\/#breadcrumb\"},\"inLanguage\":\"es\",\"potentialAction\":[{\"@type\":\"ReadAction\",\"target\":[\"https:\\\/\\\/sbtu.org\\\/tenanthelpdesk\\\/\"]}]},{\"@type\":\"ImageObject\",\"inLanguage\":\"es\",\"@id\":\"https:\\\/\\\/sbtu.org\\\/tenanthelpdesk\\\/#primaryimage\",\"url\":\"https:\\\/\\\/sbtu.org\\\/wp-content\\\/uploads\\\/2026\\\/03\\\/signal-2026-03-11-160950-1024x1024.jpeg\",\"contentUrl\":\"https:\\\/\\\/sbtu.org\\\/wp-content\\\/uploads\\\/2026\\\/03\\\/signal-2026-03-11-160950-1024x1024.jpeg\"},{\"@type\":\"BreadcrumbList\",\"@id\":\"https:\\\/\\\/sbtu.org\\\/tenanthelpdesk\\\/#breadcrumb\",\"itemListElement\":[{\"@type\":\"ListItem\",\"position\":1,\"name\":\"Home\",\"item\":\"https:\\\/\\\/sbtu.org\\\/\"},{\"@type\":\"ListItem\",\"position\":2,\"name\":\"Tenant Help Desk\"}]},{\"@type\":\"WebSite\",\"@id\":\"https:\\\/\\\/sbtu.org\\\/#website\",\"url\":\"https:\\\/\\\/sbtu.org\\\/\",\"name\":\"Santa Barbara Tenants Union\",\"description\":\"Growing the tenant movement one building at a time\",\"publisher\":{\"@id\":\"https:\\\/\\\/sbtu.org\\\/#organization\"},\"potentialAction\":[{\"@type\":\"SearchAction\",\"target\":{\"@type\":\"EntryPoint\",\"urlTemplate\":\"https:\\\/\\\/sbtu.org\\\/?s={search_term_string}\"},\"query-input\":{\"@type\":\"PropertyValueSpecification\",\"valueRequired\":true,\"valueName\":\"search_term_string\"}}],\"inLanguage\":\"es\"},{\"@type\":\"Organization\",\"@id\":\"https:\\\/\\\/sbtu.org\\\/#organization\",\"name\":\"Santa Barbara Tenants Union\",\"url\":\"https:\\\/\\\/sbtu.org\\\/\",\"logo\":{\"@type\":\"ImageObject\",\"inLanguage\":\"es\",\"@id\":\"https:\\\/\\\/sbtu.org\\\/#\\\/schema\\\/logo\\\/image\\\/\",\"url\":\"https:\\\/\\\/sbtu.org\\\/wp-content\\\/uploads\\\/2021\\\/12\\\/cropped-sbtu-logo.png\",\"contentUrl\":\"https:\\\/\\\/sbtu.org\\\/wp-content\\\/uploads\\\/2021\\\/12\\\/cropped-sbtu-logo.png\",\"width\":512,\"height\":512,\"caption\":\"Santa Barbara Tenants Union\"},\"image\":{\"@id\":\"https:\\\/\\\/sbtu.org\\\/#\\\/schema\\\/logo\\\/image\\\/\"}}]}<\/script>\n<!-- \/ Yoast SEO plugin. -->","yoast_head_json":{"title":"Tenant Help Desk - Santa Barbara Tenants Union","robots":{"index":"index","follow":"follow","max-snippet":"max-snippet:-1","max-image-preview":"max-image-preview:large","max-video-preview":"max-video-preview:-1"},"canonical":"https:\/\/sbtu.org\/es\/tenanthelpdesk\/","og_locale":"es_MX","og_type":"article","og_title":"Tenant Help Desk - Santa Barbara Tenants Union","og_description":"Tenant Help Desk Si habla espa\u00f1ol, complete este formulario de admisi\u00f3n en espa\u00f1ol antes de unirse a la mesa de ayuda para inquilinos:https:\/\/forms.gle\/Kcb71hTkQG7CPXkj8 Thursdays 6-7pm at Alice Keck Park on the grass by the turtle pond \u2013 EXCEPT the last Thursday of the month. The last Thursday is the SBTU general meeting which is open [&hellip;]","og_url":"https:\/\/sbtu.org\/es\/tenanthelpdesk\/","og_site_name":"Santa Barbara Tenants Union","article_modified_time":"2026-03-11T23:13:24+00:00","og_image":[{"url":"https:\/\/sbtu.org\/wp-content\/uploads\/2026\/03\/signal-2026-03-11-160950-1024x1024.jpeg","type":"","width":"","height":""}],"twitter_card":"summary_large_image","twitter_misc":{"Tiempo de lectura":"2 minutos"},"schema":{"@context":"https:\/\/schema.org","@graph":[{"@type":"WebPage","@id":"https:\/\/sbtu.org\/tenanthelpdesk\/","url":"https:\/\/sbtu.org\/tenanthelpdesk\/","name":"Tenant Help Desk - Santa Barbara Tenants Union","isPartOf":{"@id":"https:\/\/sbtu.org\/#website"},"primaryImageOfPage":{"@id":"https:\/\/sbtu.org\/tenanthelpdesk\/#primaryimage"},"image":{"@id":"https:\/\/sbtu.org\/tenanthelpdesk\/#primaryimage"},"thumbnailUrl":"https:\/\/sbtu.org\/wp-content\/uploads\/2026\/03\/signal-2026-03-11-160950-1024x1024.jpeg","datePublished":"2018-11-27T17:17:42+00:00","dateModified":"2026-03-11T23:13:24+00:00","breadcrumb":{"@id":"https:\/\/sbtu.org\/tenanthelpdesk\/#breadcrumb"},"inLanguage":"es","potentialAction":[{"@type":"ReadAction","target":["https:\/\/sbtu.org\/tenanthelpdesk\/"]}]},{"@type":"ImageObject","inLanguage":"es","@id":"https:\/\/sbtu.org\/tenanthelpdesk\/#primaryimage","url":"https:\/\/sbtu.org\/wp-content\/uploads\/2026\/03\/signal-2026-03-11-160950-1024x1024.jpeg","contentUrl":"https:\/\/sbtu.org\/wp-content\/uploads\/2026\/03\/signal-2026-03-11-160950-1024x1024.jpeg"},{"@type":"BreadcrumbList","@id":"https:\/\/sbtu.org\/tenanthelpdesk\/#breadcrumb","itemListElement":[{"@type":"ListItem","position":1,"name":"Home","item":"https:\/\/sbtu.org\/"},{"@type":"ListItem","position":2,"name":"Tenant Help Desk"}]},{"@type":"WebSite","@id":"https:\/\/sbtu.org\/#website","url":"https:\/\/sbtu.org\/","name":"Santa Barbara Tenants Union","description":"Growing the tenant movement one building at a time","publisher":{"@id":"https:\/\/sbtu.org\/#organization"},"potentialAction":[{"@type":"SearchAction","target":{"@type":"EntryPoint","urlTemplate":"https:\/\/sbtu.org\/?s={search_term_string}"},"query-input":{"@type":"PropertyValueSpecification","valueRequired":true,"valueName":"search_term_string"}}],"inLanguage":"es"},{"@type":"Organization","@id":"https:\/\/sbtu.org\/#organization","name":"Santa Barbara Tenants Union","url":"https:\/\/sbtu.org\/","logo":{"@type":"ImageObject","inLanguage":"es","@id":"https:\/\/sbtu.org\/#\/schema\/logo\/image\/","url":"https:\/\/sbtu.org\/wp-content\/uploads\/2021\/12\/cropped-sbtu-logo.png","contentUrl":"https:\/\/sbtu.org\/wp-content\/uploads\/2021\/12\/cropped-sbtu-logo.png","width":512,"height":512,"caption":"Santa Barbara Tenants Union"},"image":{"@id":"https:\/\/sbtu.org\/#\/schema\/logo\/image\/"}}]}},"_links":{"self":[{"href":"https:\/\/sbtu.org\/es\/wp-json\/wp\/v2\/pages\/14","targetHints":{"allow":["GET"]}}],"collection":[{"href":"https:\/\/sbtu.org\/es\/wp-json\/wp\/v2\/pages"}],"about":[{"href":"https:\/\/sbtu.org\/es\/wp-json\/wp\/v2\/types\/page"}],"author":[{"embeddable":true,"href":"https:\/\/sbtu.org\/es\/wp-json\/wp\/v2\/users\/1"}],"replies":[{"embeddable":true,"href":"https:\/\/sbtu.org\/es\/wp-json\/wp\/v2\/comments?post=14"}],"version-history":[{"count":83,"href":"https:\/\/sbtu.org\/es\/wp-json\/wp\/v2\/pages\/14\/revisions"}],"predecessor-version":[{"id":7477,"href":"https:\/\/sbtu.org\/es\/wp-json\/wp\/v2\/pages\/14\/revisions\/7477"}],"wp:attachment":[{"href":"https:\/\/sbtu.org\/es\/wp-json\/wp\/v2\/media?parent=14"}],"curies":[{"name":"wp","href":"https:\/\/api.w.org\/{rel}","templated":true}]}}