{"id":13,"date":"2018-11-27T09:17:28","date_gmt":"2018-11-27T09:17:28","guid":{"rendered":"https:\/\/sbtu.org\/?page_id=13"},"modified":"2024-07-26T12:20:22","modified_gmt":"2024-07-26T19:20:22","slug":"about-us","status":"publish","type":"page","link":"https:\/\/sbtu.org\/es\/about-us\/","title":{"rendered":"Sobre nosotros"},"content":{"rendered":"<div data-elementor-type=\"wp-post\" data-elementor-id=\"13\" class=\"elementor elementor-13\">\n\t\t\t\t\t\t<section class=\"elementor-section elementor-top-section elementor-element elementor-element-33a79095 elementor-section-boxed elementor-section-height-default elementor-section-height-default\" data-id=\"33a79095\" data-element_type=\"section\" data-e-type=\"section\" data-settings=\"{&quot;background_background&quot;:&quot;classic&quot;}\">\n\t\t\t\t\t\t\t<div class=\"elementor-background-overlay\"><\/div>\n\t\t\t\t\t\t\t<div class=\"elementor-container elementor-column-gap-default\">\n\t\t\t\t\t<div class=\"elementor-column elementor-col-100 elementor-top-column elementor-element elementor-element-3706530d\" data-id=\"3706530d\" data-element_type=\"column\" data-e-type=\"column\">\n\t\t\t<div class=\"elementor-widget-wrap elementor-element-populated\">\n\t\t\t\t\t\t<div class=\"elementor-element elementor-element-537de1f elementor-widget elementor-widget-heading\" data-id=\"537de1f\" data-element_type=\"widget\" data-e-type=\"widget\" data-widget_type=\"heading.default\">\n\t\t\t\t<div class=\"elementor-widget-container\">\n\t\t\t\t\t<h1 class=\"elementor-heading-title elementor-size-default\">Sobre nosotros<\/h1>\t\t\t\t<\/div>\n\t\t\t\t<\/div>\n\t\t\t\t\t<\/div>\n\t\t<\/div>\n\t\t\t\t\t<\/div>\n\t\t<\/section>\n\t\t\t\t<section class=\"elementor-section elementor-top-section elementor-element elementor-element-2dbed9a elementor-section-boxed elementor-section-height-default elementor-section-height-default\" data-id=\"2dbed9a\" data-element_type=\"section\" data-e-type=\"section\">\n\t\t\t\t\t\t<div class=\"elementor-container elementor-column-gap-default\">\n\t\t\t\t\t<div class=\"elementor-column elementor-col-50 elementor-top-column elementor-element elementor-element-1ca627b\" data-id=\"1ca627b\" data-element_type=\"column\" data-e-type=\"column\">\n\t\t\t<div class=\"elementor-widget-wrap elementor-element-populated\">\n\t\t\t\t\t\t<div class=\"elementor-element elementor-element-432499d elementor-widget-divider--view-line elementor-widget elementor-widget-divider\" data-id=\"432499d\" data-element_type=\"widget\" data-e-type=\"widget\" data-widget_type=\"divider.default\">\n\t\t\t\t<div class=\"elementor-widget-container\">\n\t\t\t\t\t\t\t<div class=\"elementor-divider\">\n\t\t\t<span class=\"elementor-divider-separator\">\n\t\t\t\t\t\t<\/span>\n\t\t<\/div>\n\t\t\t\t\t\t<\/div>\n\t\t\t\t<\/div>\n\t\t\t\t<div class=\"elementor-element elementor-element-8dff22f elementor-widget elementor-widget-text-editor\" data-id=\"8dff22f\" data-element_type=\"widget\" data-e-type=\"widget\" data-widget_type=\"text-editor.default\">\n\t\t\t\t<div class=\"elementor-widget-container\">\n\t\t\t\t\t\t\t\t\t<p style=\"text-align: left;\"><b>Santa Barbara Tenants Union (SBTU)<\/b> is a membership funded and led Union for and by tenants living in Santa Barbara (City and County). We formed in early 2020 with the aim of building the largest possible network of tenant solidarity into and throughout the pandemic, knowing that the crisis we as tenants were already facing was about to get much worse. Our approach has been more similar to a labor union (solidarity) than like a service provider nonprofit (charity). This means we aim not just to give out free services to tenants in need; we aim to recruit tenants into the Union and develop them into active tenant leaders who can learn to educate, empower and recruit more members. The idea is to grow a mass active membership and movement so that eventually, housing actually is a human right, not just a catchy phrase. <a href=\"\/es\/join\/\">JOIN US!<\/a><\/p>\n<p style=\"text-align: left;\"><b>SBTU<\/b> is independent from big foundations, wealthy donors, political parties, and government grants. This means that all our decisions and actions come directly from members. Such independence prevents us from being easily co-opted by people whose interests may not necessarily align with ours (<a href=\"https:\/\/www.niskanencenter.org\/how-philanthropy-diverts-social-movements\/\" target=\"_blank\" rel=\"noopener\">see here for more on this phenomenon<\/a>).<\/p>\n<p style=\"text-align: left;\">We build tenant power by providing regular tenants rights education through tenants rights and organizing workshops and weekly<a href=\"https:\/\/docs.google.com\/document\/d\/16R8_j0MC2g73BfgA1jwPBLxg_JCLO-0iP35cXFiZGKQ\/edit\" target=\"_blank\" rel=\"noopener\">&nbsp;<\/a><a href=\"https:\/\/sbtu.org\/es\/tenanthelpdesk\/\">Tenant Help Desk&nbsp;<\/a>&nbsp;(Thursdays 6:00-7:00 pm); answering our tenant hotline and regular email inquiries; following organizing leads in multi-unit buildings; knocking doors and handing out flyers; tabling at events; attending rights and organizing trainings; helping tenants form <a href=\"https:\/\/latenantsunion.org\/en\/2021\/06\/25\/tenants-association-handbook\/\">tenant associations<\/a> in their apartment buildings; and engaging in political advocacy and direct action.<\/p>\n<p style=\"text-align: left;\">SBTU is an affiliate of the Autonomous Tenants Union Network, which you can learn more about <a href=\"http:\/\/atun-rsia.org\/\" target=\"_blank\" rel=\"noopener\">here<\/a>.<br><br>&#8212;<\/p>\n<p style=\"text-align: left;\">El Sindicato de Inquilinos de Santa B\u00e1rbara (SBTU) es un sindicato dirigido y financiado por miembros para y por inquilinos que viven en Santa B\u00e1rbara (ciudad y condado). Nos formamos a principios de 2020 con el objetivo de construir la red m\u00e1s grande posible de solidaridad de inquilinos durante la pandemia y durante toda ella, sabiendo que la crisis que nosotros, como inquilinos, ya est\u00e1bamos enfrentando, estaba a punto de empeorar mucho. Nuestro enfoque ha sido m\u00e1s parecido al de un sindicato (solidaridad) que al de una organizaci\u00f3n proveedora de servicios sin fines de lucro (caridad). Esto significa que nuestro objetivo no es s\u00f3lo brindar servicios gratuitos a los inquilinos que los necesitan; Nuestro objetivo es reclutar inquilinos para la Uni\u00f3n y convertirlos en l\u00edderes inquilinos activos que puedan aprender a educar, empoderar y reclutar m\u00e1s miembros. La idea es hacer crecer una membres\u00eda y un movimiento masivos y activos para que, eventualmente, la vivienda sea realmente un derecho humano, no solo una frase pegadiza. <a href=\"http:\/\/sbtu.org\/es\/join\/\">\u00a1\u00daNETE A NOSOTROS!<\/a><\/p>\n<p style=\"text-align: left;\">SBTU es independiente de grandes fundaciones, donantes ricos, partidos pol\u00edticos y subvenciones gubernamentales. Esto significa que todas nuestras decisiones y acciones provienen directamente de los miembros. Tal independencia evita que seamos cooptados f\u00e1cilmente por personas cuyos intereses no necesariamente coinciden con los nuestros (<a href=\"https:\/\/www.niskanencenter.org\/how-philanthropy-diverts-social-movements\/\">ver aqu\u00ed para m\u00e1s informaci\u00f3n sobre este fen\u00f3meno<\/a>).<\/p>\n<p style=\"text-align: left;\">Desarrollamos el poder de los inquilinos brindando educaci\u00f3n regular sobre los derechos de los inquilinos a trav\u00e9s de los derechos de los inquilinos y organizando talleres y una <a href=\"https:\/\/sbtu.org\/es\/tenanthelpdesk\/\">mesa de ayuda para inquilinos semanal<\/a> (jueves de 6:00 a 7:00 p. m.); responder a nuestra l\u00ednea directa para inquilinos y consultas peri\u00f3dicas por correo electr\u00f3nico; seguir pistas de organizaci\u00f3n en edificios de unidades m\u00faltiples; tocando puertas y repartiendo folletos; presentaci\u00f3n en eventos; asistir a derechos y organizar capacitaciones; ayudar a los inquilinos a formar a<a href=\"https:\/\/latenantsunion.org\/es\/2021\/06\/25\/manuel-para-asociaciones-de-inquilinxs\/\">sociaciones de inquilinos <\/a>en sus edificios de apartamentos; y participar en la promoci\u00f3n pol\u00edtica y la acci\u00f3n directa.<\/p>\n<p style=\"text-align: left;\">SBTU es un afiliado de la Red de Sindicatos de Inquilinos Aut\u00f3nomos, sobre la cual puede obtener m\u00e1s informaci\u00f3n <a href=\"https:\/\/atun-rsia.org\/convencion2024\">aqu\u00ed<\/a>.<\/p>\t\t\t\t\t\t\t\t<\/div>\n\t\t\t\t<\/div>\n\t\t\t\t\t<\/div>\n\t\t<\/div>\n\t\t\t\t<div class=\"elementor-column elementor-col-50 elementor-top-column elementor-element elementor-element-92a5c23\" data-id=\"92a5c23\" data-element_type=\"column\" data-e-type=\"column\">\n\t\t\t<div class=\"elementor-widget-wrap elementor-element-populated\">\n\t\t\t\t\t\t<div class=\"elementor-element elementor-element-75fcb1a elementor-widget elementor-widget-image\" data-id=\"75fcb1a\" data-element_type=\"widget\" data-e-type=\"widget\" data-widget_type=\"image.default\">\n\t\t\t\t<div class=\"elementor-widget-container\">\n\t\t\t\t\t\t\t\t\t\t\t\t\t\t\t<img fetchpriority=\"high\" decoding=\"async\" width=\"325\" height=\"407\" src=\"https:\/\/sbtu.org\/wp-content\/uploads\/2021\/11\/9e6765cb304480c862a217b254092858.webp\" class=\"attachment-large size-large wp-image-634\" alt=\"\" srcset=\"https:\/\/sbtu.org\/wp-content\/uploads\/2021\/11\/9e6765cb304480c862a217b254092858.webp 325w, https:\/\/sbtu.org\/wp-content\/uploads\/2021\/11\/9e6765cb304480c862a217b254092858-240x300.webp 240w\" sizes=\"(max-width: 325px) 100vw, 325px\" \/>\t\t\t\t\t\t\t\t\t\t\t\t\t\t\t<\/div>\n\t\t\t\t<\/div>\n\t\t\t\t<div class=\"elementor-element elementor-element-9eeb438 elementor-align-center elementor-widget elementor-widget-button\" data-id=\"9eeb438\" data-element_type=\"widget\" data-e-type=\"widget\" data-widget_type=\"button.default\">\n\t\t\t\t<div class=\"elementor-widget-container\">\n\t\t\t\t\t\t\t\t\t<div class=\"elementor-button-wrapper\">\n\t\t\t\t\t<a class=\"elementor-button elementor-button-link elementor-size-sm\" href=\"\/es\/join\/\">\n\t\t\t\t\t\t<span class=\"elementor-button-content-wrapper\">\n\t\t\t\t\t\t\t\t\t<span class=\"elementor-button-text\">\u00danete a Nosotros<\/span>\n\t\t\t\t\t<\/span>\n\t\t\t\t\t<\/a>\n\t\t\t\t<\/div>\n\t\t\t\t\t\t\t\t<\/div>\n\t\t\t\t<\/div>\n\t\t\t\t\t<\/div>\n\t\t<\/div>\n\t\t\t\t\t<\/div>\n\t\t<\/section>\n\t\t\t\t<\/div>","protected":false},"excerpt":{"rendered":"<p>About Us Santa Barbara Tenants Union (SBTU) is a membership funded and led Union for and by tenants living in Santa Barbara (City and County). We formed in early 2020 with the aim of building the largest possible network of tenant solidarity into and throughout the pandemic, knowing that the crisis we as tenants were [&hellip;]<\/p>\n","protected":false},"author":1,"featured_media":0,"parent":0,"menu_order":0,"comment_status":"closed","ping_status":"closed","template":"","meta":{"site-sidebar-layout":"no-sidebar","site-content-layout":"page-builder","ast-site-content-layout":"default","site-content-style":"default","site-sidebar-style":"default","ast-global-header-display":"","ast-banner-title-visibility":"","ast-main-header-display":"","ast-hfb-above-header-display":"","ast-hfb-below-header-display":"","ast-hfb-mobile-header-display":"","site-post-title":"disabled","ast-breadcrumbs-content":"","ast-featured-img":"disabled","footer-sml-layout":"","ast-disable-related-posts":"","theme-transparent-header-meta":"enabled","adv-header-id-meta":"","stick-header-meta":"","header-above-stick-meta":"","header-main-stick-meta":"","header-below-stick-meta":"","astra-migrate-meta-layouts":"default","ast-page-background-enabled":"default","ast-page-background-meta":{"desktop":{"background-color":"","background-image":"","background-repeat":"repeat","background-position":"center center","background-size":"auto","background-attachment":"scroll","background-type":"","background-media":"","overlay-type":"","overlay-color":"","overlay-opacity":"","overlay-gradient":""},"tablet":{"background-color":"","background-image":"","background-repeat":"repeat","background-position":"center center","background-size":"auto","background-attachment":"scroll","background-type":"","background-media":"","overlay-type":"","overlay-color":"","overlay-opacity":"","overlay-gradient":""},"mobile":{"background-color":"","background-image":"","background-repeat":"repeat","background-position":"center center","background-size":"auto","background-attachment":"scroll","background-type":"","background-media":"","overlay-type":"","overlay-color":"","overlay-opacity":"","overlay-gradient":""}},"ast-content-background-meta":{"desktop":{"background-color":"var(--ast-global-color-5)","background-image":"","background-repeat":"repeat","background-position":"center center","background-size":"auto","background-attachment":"scroll","background-type":"","background-media":"","overlay-type":"","overlay-color":"","overlay-opacity":"","overlay-gradient":""},"tablet":{"background-color":"var(--ast-global-color-5)","background-image":"","background-repeat":"repeat","background-position":"center center","background-size":"auto","background-attachment":"scroll","background-type":"","background-media":"","overlay-type":"","overlay-color":"","overlay-opacity":"","overlay-gradient":""},"mobile":{"background-color":"var(--ast-global-color-5)","background-image":"","background-repeat":"repeat","background-position":"center center","background-size":"auto","background-attachment":"scroll","background-type":"","background-media":"","overlay-type":"","overlay-color":"","overlay-opacity":"","overlay-gradient":""}},"footnotes":""},"class_list":["post-13","page","type-page","status-publish","hentry"],"yoast_head":"<!-- This site is optimized with the Yoast SEO plugin v27.5 - https:\/\/yoast.com\/product\/yoast-seo-wordpress\/ -->\n<title>About Us - Santa Barbara Tenants Union<\/title>\n<meta name=\"description\" content=\"Santa Barbara Tenants Union (SBTU) is a membership funded and led Union for and by tenants living in Santa Barbara (City and County).\" \/>\n<meta name=\"robots\" content=\"index, follow, max-snippet:-1, max-image-preview:large, max-video-preview:-1\" \/>\n<link rel=\"canonical\" href=\"https:\/\/sbtu.org\/es\/about-us\/\" \/>\n<meta property=\"og:locale\" content=\"es_MX\" \/>\n<meta property=\"og:type\" content=\"article\" \/>\n<meta property=\"og:title\" content=\"About Us - Santa Barbara Tenants Union\" \/>\n<meta property=\"og:description\" content=\"Santa Barbara Tenants Union (SBTU) is a membership funded and led Union for and by tenants living in Santa Barbara (City and County).\" \/>\n<meta property=\"og:url\" content=\"https:\/\/sbtu.org\/es\/about-us\/\" \/>\n<meta property=\"og:site_name\" content=\"Santa Barbara Tenants Union\" \/>\n<meta property=\"article:modified_time\" content=\"2024-07-26T19:20:22+00:00\" \/>\n<meta property=\"og:image\" content=\"https:\/\/sbtu.org\/wp-content\/uploads\/2021\/11\/9e6765cb304480c862a217b254092858.webp\" \/>\n<meta name=\"twitter:card\" content=\"summary_large_image\" \/>\n<meta name=\"twitter:label1\" content=\"Tiempo de lectura\" \/>\n\t<meta name=\"twitter:data1\" content=\"3 minutos\" \/>\n<script type=\"application\/ld+json\" class=\"yoast-schema-graph\">{\"@context\":\"https:\\\/\\\/schema.org\",\"@graph\":[{\"@type\":[\"WebPage\",\"AboutPage\"],\"@id\":\"https:\\\/\\\/sbtu.org\\\/about-us\\\/\",\"url\":\"https:\\\/\\\/sbtu.org\\\/about-us\\\/\",\"name\":\"About Us - Santa Barbara Tenants Union\",\"isPartOf\":{\"@id\":\"https:\\\/\\\/sbtu.org\\\/#website\"},\"primaryImageOfPage\":{\"@id\":\"https:\\\/\\\/sbtu.org\\\/about-us\\\/#primaryimage\"},\"image\":{\"@id\":\"https:\\\/\\\/sbtu.org\\\/about-us\\\/#primaryimage\"},\"thumbnailUrl\":\"https:\\\/\\\/sbtu.org\\\/wp-content\\\/uploads\\\/2021\\\/11\\\/9e6765cb304480c862a217b254092858.webp\",\"datePublished\":\"2018-11-27T09:17:28+00:00\",\"dateModified\":\"2024-07-26T19:20:22+00:00\",\"description\":\"Santa Barbara Tenants Union (SBTU) is a membership funded and led Union for and by tenants living in Santa Barbara (City and County).\",\"breadcrumb\":{\"@id\":\"https:\\\/\\\/sbtu.org\\\/about-us\\\/#breadcrumb\"},\"inLanguage\":\"es\",\"potentialAction\":[{\"@type\":\"ReadAction\",\"target\":[\"https:\\\/\\\/sbtu.org\\\/about-us\\\/\"]}]},{\"@type\":\"ImageObject\",\"inLanguage\":\"es\",\"@id\":\"https:\\\/\\\/sbtu.org\\\/about-us\\\/#primaryimage\",\"url\":\"https:\\\/\\\/sbtu.org\\\/wp-content\\\/uploads\\\/2021\\\/11\\\/9e6765cb304480c862a217b254092858.webp\",\"contentUrl\":\"https:\\\/\\\/sbtu.org\\\/wp-content\\\/uploads\\\/2021\\\/11\\\/9e6765cb304480c862a217b254092858.webp\"},{\"@type\":\"BreadcrumbList\",\"@id\":\"https:\\\/\\\/sbtu.org\\\/about-us\\\/#breadcrumb\",\"itemListElement\":[{\"@type\":\"ListItem\",\"position\":1,\"name\":\"Home\",\"item\":\"https:\\\/\\\/sbtu.org\\\/\"},{\"@type\":\"ListItem\",\"position\":2,\"name\":\"About Us\"}]},{\"@type\":\"WebSite\",\"@id\":\"https:\\\/\\\/sbtu.org\\\/#website\",\"url\":\"https:\\\/\\\/sbtu.org\\\/\",\"name\":\"Santa Barbara Tenants Union\",\"description\":\"Growing the tenant movement one building at a time\",\"publisher\":{\"@id\":\"https:\\\/\\\/sbtu.org\\\/#organization\"},\"potentialAction\":[{\"@type\":\"SearchAction\",\"target\":{\"@type\":\"EntryPoint\",\"urlTemplate\":\"https:\\\/\\\/sbtu.org\\\/?s={search_term_string}\"},\"query-input\":{\"@type\":\"PropertyValueSpecification\",\"valueRequired\":true,\"valueName\":\"search_term_string\"}}],\"inLanguage\":\"es\"},{\"@type\":\"Organization\",\"@id\":\"https:\\\/\\\/sbtu.org\\\/#organization\",\"name\":\"Santa Barbara Tenants Union\",\"url\":\"https:\\\/\\\/sbtu.org\\\/\",\"logo\":{\"@type\":\"ImageObject\",\"inLanguage\":\"es\",\"@id\":\"https:\\\/\\\/sbtu.org\\\/#\\\/schema\\\/logo\\\/image\\\/\",\"url\":\"https:\\\/\\\/sbtu.org\\\/wp-content\\\/uploads\\\/2021\\\/12\\\/cropped-sbtu-logo.png\",\"contentUrl\":\"https:\\\/\\\/sbtu.org\\\/wp-content\\\/uploads\\\/2021\\\/12\\\/cropped-sbtu-logo.png\",\"width\":512,\"height\":512,\"caption\":\"Santa Barbara Tenants Union\"},\"image\":{\"@id\":\"https:\\\/\\\/sbtu.org\\\/#\\\/schema\\\/logo\\\/image\\\/\"}}]}<\/script>\n<!-- \/ Yoast SEO plugin. -->","yoast_head_json":{"title":"About Us - Santa Barbara Tenants Union","description":"Santa Barbara Tenants Union (SBTU) is a membership funded and led Union for and by tenants living in Santa Barbara (City and County).","robots":{"index":"index","follow":"follow","max-snippet":"max-snippet:-1","max-image-preview":"max-image-preview:large","max-video-preview":"max-video-preview:-1"},"canonical":"https:\/\/sbtu.org\/es\/about-us\/","og_locale":"es_MX","og_type":"article","og_title":"About Us - Santa Barbara Tenants Union","og_description":"Santa Barbara Tenants Union (SBTU) is a membership funded and led Union for and by tenants living in Santa Barbara (City and County).","og_url":"https:\/\/sbtu.org\/es\/about-us\/","og_site_name":"Santa Barbara Tenants Union","article_modified_time":"2024-07-26T19:20:22+00:00","og_image":[{"url":"https:\/\/sbtu.org\/wp-content\/uploads\/2021\/11\/9e6765cb304480c862a217b254092858.webp","type":"","width":"","height":""}],"twitter_card":"summary_large_image","twitter_misc":{"Tiempo de lectura":"3 minutos"},"schema":{"@context":"https:\/\/schema.org","@graph":[{"@type":["WebPage","AboutPage"],"@id":"https:\/\/sbtu.org\/about-us\/","url":"https:\/\/sbtu.org\/about-us\/","name":"About Us - Santa Barbara Tenants Union","isPartOf":{"@id":"https:\/\/sbtu.org\/#website"},"primaryImageOfPage":{"@id":"https:\/\/sbtu.org\/about-us\/#primaryimage"},"image":{"@id":"https:\/\/sbtu.org\/about-us\/#primaryimage"},"thumbnailUrl":"https:\/\/sbtu.org\/wp-content\/uploads\/2021\/11\/9e6765cb304480c862a217b254092858.webp","datePublished":"2018-11-27T09:17:28+00:00","dateModified":"2024-07-26T19:20:22+00:00","description":"Santa Barbara Tenants Union (SBTU) is a membership funded and led Union for and by tenants living in Santa Barbara (City and County).","breadcrumb":{"@id":"https:\/\/sbtu.org\/about-us\/#breadcrumb"},"inLanguage":"es","potentialAction":[{"@type":"ReadAction","target":["https:\/\/sbtu.org\/about-us\/"]}]},{"@type":"ImageObject","inLanguage":"es","@id":"https:\/\/sbtu.org\/about-us\/#primaryimage","url":"https:\/\/sbtu.org\/wp-content\/uploads\/2021\/11\/9e6765cb304480c862a217b254092858.webp","contentUrl":"https:\/\/sbtu.org\/wp-content\/uploads\/2021\/11\/9e6765cb304480c862a217b254092858.webp"},{"@type":"BreadcrumbList","@id":"https:\/\/sbtu.org\/about-us\/#breadcrumb","itemListElement":[{"@type":"ListItem","position":1,"name":"Home","item":"https:\/\/sbtu.org\/"},{"@type":"ListItem","position":2,"name":"About Us"}]},{"@type":"WebSite","@id":"https:\/\/sbtu.org\/#website","url":"https:\/\/sbtu.org\/","name":"Santa Barbara Tenants Union","description":"Growing the tenant movement one building at a time","publisher":{"@id":"https:\/\/sbtu.org\/#organization"},"potentialAction":[{"@type":"SearchAction","target":{"@type":"EntryPoint","urlTemplate":"https:\/\/sbtu.org\/?s={search_term_string}"},"query-input":{"@type":"PropertyValueSpecification","valueRequired":true,"valueName":"search_term_string"}}],"inLanguage":"es"},{"@type":"Organization","@id":"https:\/\/sbtu.org\/#organization","name":"Santa Barbara Tenants Union","url":"https:\/\/sbtu.org\/","logo":{"@type":"ImageObject","inLanguage":"es","@id":"https:\/\/sbtu.org\/#\/schema\/logo\/image\/","url":"https:\/\/sbtu.org\/wp-content\/uploads\/2021\/12\/cropped-sbtu-logo.png","contentUrl":"https:\/\/sbtu.org\/wp-content\/uploads\/2021\/12\/cropped-sbtu-logo.png","width":512,"height":512,"caption":"Santa Barbara Tenants Union"},"image":{"@id":"https:\/\/sbtu.org\/#\/schema\/logo\/image\/"}}]}},"_links":{"self":[{"href":"https:\/\/sbtu.org\/es\/wp-json\/wp\/v2\/pages\/13","targetHints":{"allow":["GET"]}}],"collection":[{"href":"https:\/\/sbtu.org\/es\/wp-json\/wp\/v2\/pages"}],"about":[{"href":"https:\/\/sbtu.org\/es\/wp-json\/wp\/v2\/types\/page"}],"author":[{"embeddable":true,"href":"https:\/\/sbtu.org\/es\/wp-json\/wp\/v2\/users\/1"}],"replies":[{"embeddable":true,"href":"https:\/\/sbtu.org\/es\/wp-json\/wp\/v2\/comments?post=13"}],"version-history":[{"count":9,"href":"https:\/\/sbtu.org\/es\/wp-json\/wp\/v2\/pages\/13\/revisions"}],"predecessor-version":[{"id":4879,"href":"https:\/\/sbtu.org\/es\/wp-json\/wp\/v2\/pages\/13\/revisions\/4879"}],"wp:attachment":[{"href":"https:\/\/sbtu.org\/es\/wp-json\/wp\/v2\/media?parent=13"}],"curies":[{"name":"wp","href":"https:\/\/api.w.org\/{rel}","templated":true}]}}