{"id":1026,"date":"2022-02-03T09:11:36","date_gmt":"2022-02-03T17:11:36","guid":{"rendered":"https:\/\/sbtu.org\/?page_id=1026"},"modified":"2024-06-13T19:20:42","modified_gmt":"2024-06-14T02:20:42","slug":"resources","status":"publish","type":"page","link":"https:\/\/sbtu.org\/es\/resources\/","title":{"rendered":"Recursos"},"content":{"rendered":"<div data-elementor-type=\"wp-post\" data-elementor-id=\"1026\" class=\"elementor elementor-1026\">\n\t\t\t\t\t\t<section class=\"elementor-section elementor-top-section elementor-element elementor-element-33a79095 elementor-section-boxed elementor-section-height-default elementor-section-height-default\" data-id=\"33a79095\" data-element_type=\"section\" data-e-type=\"section\" data-settings=\"{&quot;background_background&quot;:&quot;classic&quot;}\">\n\t\t\t\t\t\t\t<div class=\"elementor-background-overlay\"><\/div>\n\t\t\t\t\t\t\t<div class=\"elementor-container elementor-column-gap-default\">\n\t\t\t\t\t<div class=\"elementor-column elementor-col-100 elementor-top-column elementor-element elementor-element-3706530d\" data-id=\"3706530d\" data-element_type=\"column\" data-e-type=\"column\">\n\t\t\t<div class=\"elementor-widget-wrap elementor-element-populated\">\n\t\t\t\t\t\t<div class=\"elementor-element elementor-element-537de1f elementor-widget elementor-widget-heading\" data-id=\"537de1f\" data-element_type=\"widget\" data-e-type=\"widget\" data-widget_type=\"heading.default\">\n\t\t\t\t<div class=\"elementor-widget-container\">\n\t\t\t\t\t<h1 class=\"elementor-heading-title elementor-size-default\">Recursos<\/h1>\t\t\t\t<\/div>\n\t\t\t\t<\/div>\n\t\t\t\t\t<\/div>\n\t\t<\/div>\n\t\t\t\t\t<\/div>\n\t\t<\/section>\n\t\t\t\t<section class=\"elementor-section elementor-top-section elementor-element elementor-element-2dbed9a elementor-section-boxed elementor-section-height-default elementor-section-height-default\" data-id=\"2dbed9a\" data-element_type=\"section\" data-e-type=\"section\">\n\t\t\t\t\t\t<div class=\"elementor-container elementor-column-gap-default\">\n\t\t\t\t\t<div class=\"elementor-column elementor-col-100 elementor-top-column elementor-element elementor-element-1ca627b\" data-id=\"1ca627b\" data-element_type=\"column\" data-e-type=\"column\">\n\t\t\t<div class=\"elementor-widget-wrap elementor-element-populated\">\n\t\t\t\t\t\t<div class=\"elementor-element elementor-element-432499d elementor-widget-divider--view-line elementor-widget elementor-widget-divider\" data-id=\"432499d\" data-element_type=\"widget\" data-e-type=\"widget\" data-widget_type=\"divider.default\">\n\t\t\t\t<div class=\"elementor-widget-container\">\n\t\t\t\t\t\t\t<div class=\"elementor-divider\">\n\t\t\t<span class=\"elementor-divider-separator\">\n\t\t\t\t\t\t<\/span>\n\t\t<\/div>\n\t\t\t\t\t\t<\/div>\n\t\t\t\t<\/div>\n\t\t\t\t<div class=\"elementor-element elementor-element-f8e8da9 elementor-widget elementor-widget-text-editor\" data-id=\"f8e8da9\" data-element_type=\"widget\" data-e-type=\"widget\" data-widget_type=\"text-editor.default\">\n\t\t\t\t<div class=\"elementor-widget-container\">\n\t\t\t\t\t\t\t\t\t<p><strong><br \/>\u00a0 \u00a0Tenant Organizing &amp; Empowerment Resources<\/strong><\/p><ul><li><a href=\"https:\/\/atun-rsia.org\/s\/Tenants_Association_Handbook_ENG_V4.pdf\" target=\"_blank\" rel=\"noopener\">Tenant Association Handbook<\/a> (LA Tenants Union)<ul><li>\u00a0Highly recommended if you live in a multi-unit building!<\/li><\/ul><\/li><li><a href=\"https:\/\/latenantsunion.org\/es\/2021\/06\/25\/manuel-para-asociaciones-de-inquilinxs\/\" target=\"_blank\" rel=\"noopener\">Manuel Para Asociaciones de Inquilinxs<\/a> (LA Tenants Union)<\/li><li><a href=\"https:\/\/www.youtube.com\/watch?v=YCe8dCZpccU\" target=\"_blank\" rel=\"noopener\">How To Form A Tenant Association<\/a> (NYS Tenants &amp; Neighbors)<\/li><li><a style=\"font-style: inherit; font-weight: inherit; background-color: #e8e8e8;\" href=\"https:\/\/docs.google.com\/presentation\/d\/1xEs0U5773fomblKjP0kfKnfrPGoTrZNDkxBeOdc7dwA\/edit#slide=id.p\" target=\"_blank\" rel=\"noopener\">How To Build A Tenants Union<\/a><span style=\"font-style: inherit; font-weight: inherit; color: var(--ast-global-color-3);\"> (TANC)<\/span><\/li><li><span style=\"font-style: inherit; font-weight: inherit; color: var(--ast-global-color-3);\"><a href=\"https:\/\/sbtu.org\/wp-content\/uploads\/2024\/02\/Tactics-4-Tenants.pdf\">Tactics 4 Tenants<\/a><\/span><\/li><li><a href=\"https:\/\/www.tenantstogether.org\/resources\/sample-letters\" target=\"_blank\" rel=\"noopener\">Sample letters to write to your landlord<\/a> (Tenants Together)<\/li><li><a href=\"https:\/\/caltenantlaw.com\/how-to-find-your-landlord\/\" target=\"_blank\" rel=\"noopener\">How to Find Your Landlord<\/a> (Cal Tenant Law)<\/li><li><a href=\"https:\/\/docs.google.com\/document\/d\/1WI8kS3rPLbDwMgkr9BlqXWSpC2rTPX_-E00ngiuNxIE\/edit\" target=\"_blank\" rel=\"noopener\">How To Research Who Your &#8220;LLC&#8221; Landlord Is Using Secretary of State Filings In CA\u00a0<\/a>(SBTU)<\/li><li><a style=\"font-style: inherit; font-weight: inherit; background-color: #e8e8e8;\" href=\"https:\/\/drive.google.com\/file\/d\/1QN5ooTJA6KicaZ0B4nu1JtLCTLZbEQsy\/view\" target=\"_blank\" rel=\"noopener\">A Guide For Transformative-Justice Informed Conflict Engagement And Harm Intervention<\/a><span style=\"font-style: inherit; font-weight: inherit; color: var(--ast-global-color-3);\"> (Northeast Local, LATU)<\/span><\/li><li><a href=\"https:\/\/drive.google.com\/file\/d\/1QN5ooTJA6KicaZ0B4nu1JtLCTLZbEQsy\/view\" target=\"_blank\" rel=\"noopener\">Gu\u00eda Para El Manejo De Conflictos Y La Intervenci\u00f3n De Da\u00f1os De Acuerdo A La Justicia Transformativa<\/a> (Secci\u00f3n Noreste De Los \u00c1ngeles, SILA)<\/li><li><a href=\"https:\/\/www.gofmx.com\/blog\/work-order-form-template\/\" target=\"_blank\" rel=\"noopener\">Work Order Form Template<\/a><\/li><\/ul><p><strong>\u00a0 \u00a0Pamphlets &amp; Flyers for Printing<\/strong><\/p><ul><li><a href=\"https:\/\/drive.google.com\/file\/d\/1PBxpfSMBVyjQiyX4nJ_lZJBL8yGEuuEa\/view?usp=sharing\" target=\"_blank\" rel=\"noopener\">Posters (English)<\/a><\/li><li><a href=\"https:\/\/drive.google.com\/file\/d\/1lFjF4o808BSNKsQ5my5YT2PEGBOoJOwK\/view?usp=sharing\">Know Your Rights Pamphlet (English)<\/a><\/li><li><a href=\"https:\/\/drive.google.com\/file\/d\/1eF_eUtv-KFppRRKZlqul3lOH3joTyEPe\/view?usp=sharing\">Conozca Sus Derechos manual (Spanish)<\/a><\/li><\/ul>\t\t\t\t\t\t\t\t<\/div>\n\t\t\t\t<\/div>\n\t\t\t\t<div class=\"elementor-element elementor-element-cbcdbe4 elementor-widget elementor-widget-text-editor\" data-id=\"cbcdbe4\" data-element_type=\"widget\" data-e-type=\"widget\" data-widget_type=\"text-editor.default\">\n\t\t\t\t<div class=\"elementor-widget-container\">\n\t\t\t\t\t\t\t\t\t<p><strong>\u00a0 \u00a0Tenants Rights Information &amp; Other Resources<br \/><\/strong><\/p><ul><li><a href=\"https:\/\/www.nolo.com\/legal-encyclopedia\/overview-landlord-tenant-laws-california.html\" target=\"_blank\" rel=\"noopener\">Overview of Landlord-Tenant Laws in CA<\/a><\/li><li><a href=\"https:\/\/tenantprotections.org\/calculator\">Calculate the legally allowable rent increase<\/a><\/li><li><a href=\"https:\/\/cityofsantabararaca.gov\/str\">Report Illegal Short-Term Rentals in the City of Santa Barbara<\/a><\/li><li><a style=\"font-style: inherit; font-weight: inherit;\" href=\"https:\/\/landlordtenant.dre.ca.gov\/resources\/guidebook\/index.html\" target=\"_blank\" rel=\"noopener\">A Guide To Residential Tenants&#8217; and Landlords&#8217; Rights and Responsibilities<\/a><\/li><li><a href=\"https:\/\/landlordtenant.dre.ca.gov\/pdf\/resources\/CaliforniaTenantRenterGuide_Spanish.pdf\" target=\"_blank\" rel=\"noopener\">UNA GUIA PARA LOS DERECHOS Y LAS RESPONSABILIDADES DE LOS ARRENDATARIOS RESIDENCIALES Y LOS ARRENDADORES<\/a><\/li><li><a href=\"https:\/\/oag.ca.gov\/news\/press-releases\/attorney-general-bonta-issues-consumer-alerts-guidance-protect-california\">Know your Rights Alerts from CA Attorney General &#8211; related to rent increases, Tenant Protection Act, security deposits, habitability, and the eviction process.\u00a0<\/a><\/li><li><a href=\"https:\/\/www.sbrpa.org\/new-relocation-assistance-ordinance\" target=\"_blank\" rel=\"noopener\">Santa Barbara 3-months rent relocation for no-fault eviction<\/a><ul><li>For mostly multi-family units, read into details<\/li><\/ul><\/li><li><a href=\"http:\/\/qcode.us\/codes\/santabarbara\/revisions\/5885.pdf\" target=\"_blank\" rel=\"noopener\">Santa Barbara 1-Year Lease Ordinance<\/a><ul><li>Landlord must offer 1-year lease except under certain conditions<\/li><\/ul><\/li><li><a href=\"https:\/\/nchh.org\/resource-library\/HH_Codes_CA_9-9-07.pdf\" target=\"_blank\" rel=\"noopener\">Characteristics of a &#8220;Substandard Building&#8221;<\/a><\/li><li><a href=\"https:\/\/caltenantlaw.com\/HabitabilityChecklist2013.pdf\" target=\"_blank\" rel=\"noopener\">Habitability checklist<\/a><\/li><li><a href=\"https:\/\/www.tenantlawgroupsf.com\/blog\/2018\/may\/understanding-the-implied-covenant-of-quiet-enjo\/\" target=\"_blank\" rel=\"noopener\">Covenant of Quiet Enjoyment<\/a><\/li><li><a href=\"https:\/\/www.tobenerlaw.com\/wear-and-tear-and-security-deposits-under-california-law\/\" target=\"_blank\" rel=\"noopener\">Wear and Tear and Security Deposits Under California Law<\/a><\/li><li><a href=\"https:\/\/www.nolo.com\/legal-encyclopedia\/california-tenant-rights-withhold-rent-repair-deduct.html\" target=\"_blank\" rel=\"noopener\">California Tenant Rights to Withhold Rent or &#8220;Repair And Deduct&#8221;<\/a><\/li><li><a href=\"https:\/\/www.tenantlawgroupsf.com\/blog\/2018\/june\/tenant-rights-that-cannot-be-signed-away-in-a-le\/\" target=\"_blank\" rel=\"noopener\">Tenants Rights That Cannot Be Signed Away In A Lease<\/a><\/li><\/ul>\t\t\t\t\t\t\t\t<\/div>\n\t\t\t\t<\/div>\n\t\t\t\t<div class=\"elementor-element elementor-element-2edcab7 elementor-widget elementor-widget-text-editor\" data-id=\"2edcab7\" data-element_type=\"widget\" data-e-type=\"widget\" data-widget_type=\"text-editor.default\">\n\t\t\t\t<div class=\"elementor-widget-container\">\n\t\t\t\t\t\t\t\t\t<p><b><br \/>\u00a0 \u00a0Local Government &amp; Nonprofit Resources<\/b><\/p><ul><li aria-level=\"1\"><a href=\"https:\/\/hacsb.org\" target=\"_blank\" rel=\"noopener\">Housing Authority of the City of Santa Barbara<\/a><ul><li aria-level=\"2\">People can apply for section 8\/other housing programs, assistance with deposits<\/li><\/ul><\/li><li aria-level=\"1\"><a href=\"https:\/\/www.lafsbc.org\/\" target=\"_blank\" rel=\"noopener\">Fundaci\u00f3n de Ayuda Legal del Condado de Santa B\u00e1rbara<\/a><ul><li aria-level=\"2\">Lawyers can assist tenants in learning about their rights and also with eviction defense<\/li><\/ul><\/li><li aria-level=\"1\"><a href=\"http:\/\/ilrc-tricoo.org\" target=\"_blank\" rel=\"noopener\">Centro de Recursos para la Vida Independiente<\/a><ul><li aria-level=\"2\">Assists people with disabilities and seniors with assistance with applying, locating, advocating for, and obtaining affordable and accessible housing. Can help individuals revolve disputes with housing.<\/li><\/ul><\/li><li aria-level=\"1\"><a href=\"https:\/\/www.unitedwaysb.org\/covid19-financial-assistance\" target=\"_blank\" rel=\"noopener\">United Way del Condado de Santa B\u00e1rbara<\/a><ul><li aria-level=\"2\">Rental assistance for those tenants who lost income during the COVID-19 pandemic<\/li><\/ul><\/li><li aria-level=\"1\"><a href=\"https:\/\/ivtu.as.ucsb.edu\/\" target=\"_blank\" rel=\"noopener\">Sindicato de Inquilinos de Isla Vista<\/a><ul><li aria-level=\"2\">Program that assists tenants in\u00a0 Isla Vista with learning about their rights and with disputes with landlords<\/li><\/ul><\/li><li aria-level=\"1\"><a href=\"https:\/\/www.santabarbaraca.gov\/services\/home\/rhm\/default.asp\" target=\"_blank\" rel=\"noopener\">Mediaci\u00f3n de vivienda de alquiler<\/a><ul><li aria-level=\"2\">A program offered by the city of Santa Barbara that provides non -binding mediation between tenants and landlords<\/li><\/ul><\/li><li><a href=\"https:\/\/santabarbaraca.gov\/government\/departments\/community-development\/building-safety\">Building &amp; Safety | City of Santa Barbara<\/a>\u00a0<ul><li>Building inspection and code enforecement<\/li><\/ul><\/li><\/ul>\t\t\t\t\t\t\t\t<\/div>\n\t\t\t\t<\/div>\n\t\t\t\t<div class=\"elementor-element elementor-element-28037cc elementor-widget-divider--view-line elementor-widget elementor-widget-divider\" data-id=\"28037cc\" data-element_type=\"widget\" data-e-type=\"widget\" data-widget_type=\"divider.default\">\n\t\t\t\t<div class=\"elementor-widget-container\">\n\t\t\t\t\t\t\t<div class=\"elementor-divider\">\n\t\t\t<span class=\"elementor-divider-separator\">\n\t\t\t\t\t\t<\/span>\n\t\t<\/div>\n\t\t\t\t\t\t<\/div>\n\t\t\t\t<\/div>\n\t\t\t\t\t<\/div>\n\t\t<\/div>\n\t\t\t\t\t<\/div>\n\t\t<\/section>\n\t\t\t\t<section class=\"elementor-section elementor-top-section elementor-element elementor-element-30c47de elementor-section-boxed elementor-section-height-default elementor-section-height-default\" data-id=\"30c47de\" data-element_type=\"section\" data-e-type=\"section\">\n\t\t\t\t\t\t<div class=\"elementor-container elementor-column-gap-default\">\n\t\t\t\t\t<div class=\"elementor-column elementor-col-100 elementor-top-column elementor-element elementor-element-6946c56\" data-id=\"6946c56\" data-element_type=\"column\" data-e-type=\"column\">\n\t\t\t<div class=\"elementor-widget-wrap elementor-element-populated\">\n\t\t\t\t\t\t<section class=\"elementor-section elementor-inner-section elementor-element elementor-element-4fb0dd4 elementor-section-boxed elementor-section-height-default elementor-section-height-default\" data-id=\"4fb0dd4\" data-element_type=\"section\" data-e-type=\"section\">\n\t\t\t\t\t\t<div class=\"elementor-container elementor-column-gap-default\">\n\t\t\t\t\t<div class=\"elementor-column elementor-col-50 elementor-inner-column elementor-element elementor-element-3aa04e9\" data-id=\"3aa04e9\" data-element_type=\"column\" data-e-type=\"column\">\n\t\t\t<div class=\"elementor-widget-wrap\">\n\t\t\t\t\t\t\t<\/div>\n\t\t<\/div>\n\t\t\t\t<div class=\"elementor-column elementor-col-50 elementor-inner-column elementor-element elementor-element-ddc359b\" data-id=\"ddc359b\" data-element_type=\"column\" data-e-type=\"column\">\n\t\t\t<div class=\"elementor-widget-wrap\">\n\t\t\t\t\t\t\t<\/div>\n\t\t<\/div>\n\t\t\t\t\t<\/div>\n\t\t<\/section>\n\t\t\t\t\t<\/div>\n\t\t<\/div>\n\t\t\t\t\t<\/div>\n\t\t<\/section>\n\t\t\t\t<\/div>","protected":false},"excerpt":{"rendered":"<p>Resources \u00a0 \u00a0Tenant Organizing &amp; Empowerment Resources Tenant Association Handbook (LA Tenants Union) \u00a0Highly recommended if you live in a multi-unit building! Manuel Para Asociaciones de Inquilinxs (LA Tenants Union) How To Form A Tenant Association (NYS Tenants &amp; Neighbors) How To Build A Tenants Union (TANC) Tactics 4 Tenants Sample letters to write to [&hellip;]<\/p>\n","protected":false},"author":1,"featured_media":0,"parent":0,"menu_order":0,"comment_status":"closed","ping_status":"closed","template":"","meta":{"site-sidebar-layout":"no-sidebar","site-content-layout":"page-builder","ast-site-content-layout":"full-width-container","site-content-style":"unboxed","site-sidebar-style":"unboxed","ast-global-header-display":"","ast-banner-title-visibility":"","ast-main-header-display":"","ast-hfb-above-header-display":"","ast-hfb-below-header-display":"","ast-hfb-mobile-header-display":"","site-post-title":"disabled","ast-breadcrumbs-content":"","ast-featured-img":"disabled","footer-sml-layout":"","ast-disable-related-posts":"","theme-transparent-header-meta":"enabled","adv-header-id-meta":"","stick-header-meta":"","header-above-stick-meta":"","header-main-stick-meta":"","header-below-stick-meta":"","astra-migrate-meta-layouts":"set","ast-page-background-enabled":"default","ast-page-background-meta":{"desktop":{"background-color":"","background-image":"","background-repeat":"repeat","background-position":"center center","background-size":"auto","background-attachment":"scroll","background-type":"","background-media":"","overlay-type":"","overlay-color":"","overlay-opacity":"","overlay-gradient":""},"tablet":{"background-color":"","background-image":"","background-repeat":"repeat","background-position":"center center","background-size":"auto","background-attachment":"scroll","background-type":"","background-media":"","overlay-type":"","overlay-color":"","overlay-opacity":"","overlay-gradient":""},"mobile":{"background-color":"","background-image":"","background-repeat":"repeat","background-position":"center center","background-size":"auto","background-attachment":"scroll","background-type":"","background-media":"","overlay-type":"","overlay-color":"","overlay-opacity":"","overlay-gradient":""}},"ast-content-background-meta":{"desktop":{"background-color":"var(--ast-global-color-5)","background-image":"","background-repeat":"repeat","background-position":"center center","background-size":"auto","background-attachment":"scroll","background-type":"","background-media":"","overlay-type":"","overlay-color":"","overlay-opacity":"","overlay-gradient":""},"tablet":{"background-color":"var(--ast-global-color-5)","background-image":"","background-repeat":"repeat","background-position":"center center","background-size":"auto","background-attachment":"scroll","background-type":"","background-media":"","overlay-type":"","overlay-color":"","overlay-opacity":"","overlay-gradient":""},"mobile":{"background-color":"var(--ast-global-color-5)","background-image":"","background-repeat":"repeat","background-position":"center center","background-size":"auto","background-attachment":"scroll","background-type":"","background-media":"","overlay-type":"","overlay-color":"","overlay-opacity":"","overlay-gradient":""}},"footnotes":""},"class_list":["post-1026","page","type-page","status-publish","hentry"],"yoast_head":"<!-- This site is optimized with the Yoast SEO plugin v27.5 - https:\/\/yoast.com\/product\/yoast-seo-wordpress\/ -->\n<title>Resources - Santa Barbara Tenants Union<\/title>\n<meta name=\"robots\" content=\"index, follow, max-snippet:-1, max-image-preview:large, max-video-preview:-1\" \/>\n<link rel=\"canonical\" href=\"https:\/\/sbtu.org\/es\/resources\/\" \/>\n<meta property=\"og:locale\" content=\"es_MX\" \/>\n<meta property=\"og:type\" content=\"article\" \/>\n<meta property=\"og:title\" content=\"Resources - Santa Barbara Tenants Union\" \/>\n<meta property=\"og:description\" content=\"Resources \u00a0 \u00a0Tenant Organizing &amp; Empowerment Resources Tenant Association Handbook (LA Tenants Union) \u00a0Highly recommended if you live in a multi-unit building! Manuel Para Asociaciones de Inquilinxs (LA Tenants Union) How To Form A Tenant Association (NYS Tenants &amp; Neighbors) How To Build A Tenants Union (TANC) Tactics 4 Tenants Sample letters to write to [&hellip;]\" \/>\n<meta property=\"og:url\" content=\"https:\/\/sbtu.org\/es\/resources\/\" \/>\n<meta property=\"og:site_name\" content=\"Santa Barbara Tenants Union\" \/>\n<meta property=\"article:modified_time\" content=\"2024-06-14T02:20:42+00:00\" \/>\n<meta name=\"twitter:card\" content=\"summary_large_image\" \/>\n<meta name=\"twitter:label1\" content=\"Tiempo de lectura\" \/>\n\t<meta name=\"twitter:data1\" content=\"2 minutos\" \/>\n<script type=\"application\/ld+json\" class=\"yoast-schema-graph\">{\"@context\":\"https:\\\/\\\/schema.org\",\"@graph\":[{\"@type\":\"WebPage\",\"@id\":\"https:\\\/\\\/sbtu.org\\\/resources\\\/\",\"url\":\"https:\\\/\\\/sbtu.org\\\/resources\\\/\",\"name\":\"Resources - Santa Barbara Tenants Union\",\"isPartOf\":{\"@id\":\"https:\\\/\\\/sbtu.org\\\/#website\"},\"datePublished\":\"2022-02-03T17:11:36+00:00\",\"dateModified\":\"2024-06-14T02:20:42+00:00\",\"breadcrumb\":{\"@id\":\"https:\\\/\\\/sbtu.org\\\/resources\\\/#breadcrumb\"},\"inLanguage\":\"es\",\"potentialAction\":[{\"@type\":\"ReadAction\",\"target\":[\"https:\\\/\\\/sbtu.org\\\/resources\\\/\"]}]},{\"@type\":\"BreadcrumbList\",\"@id\":\"https:\\\/\\\/sbtu.org\\\/resources\\\/#breadcrumb\",\"itemListElement\":[{\"@type\":\"ListItem\",\"position\":1,\"name\":\"Home\",\"item\":\"https:\\\/\\\/sbtu.org\\\/\"},{\"@type\":\"ListItem\",\"position\":2,\"name\":\"Resources\"}]},{\"@type\":\"WebSite\",\"@id\":\"https:\\\/\\\/sbtu.org\\\/#website\",\"url\":\"https:\\\/\\\/sbtu.org\\\/\",\"name\":\"Santa Barbara Tenants Union\",\"description\":\"Growing the tenant movement one building at a time\",\"publisher\":{\"@id\":\"https:\\\/\\\/sbtu.org\\\/#organization\"},\"potentialAction\":[{\"@type\":\"SearchAction\",\"target\":{\"@type\":\"EntryPoint\",\"urlTemplate\":\"https:\\\/\\\/sbtu.org\\\/?s={search_term_string}\"},\"query-input\":{\"@type\":\"PropertyValueSpecification\",\"valueRequired\":true,\"valueName\":\"search_term_string\"}}],\"inLanguage\":\"es\"},{\"@type\":\"Organization\",\"@id\":\"https:\\\/\\\/sbtu.org\\\/#organization\",\"name\":\"Santa Barbara Tenants Union\",\"url\":\"https:\\\/\\\/sbtu.org\\\/\",\"logo\":{\"@type\":\"ImageObject\",\"inLanguage\":\"es\",\"@id\":\"https:\\\/\\\/sbtu.org\\\/#\\\/schema\\\/logo\\\/image\\\/\",\"url\":\"https:\\\/\\\/sbtu.org\\\/wp-content\\\/uploads\\\/2021\\\/12\\\/cropped-sbtu-logo.png\",\"contentUrl\":\"https:\\\/\\\/sbtu.org\\\/wp-content\\\/uploads\\\/2021\\\/12\\\/cropped-sbtu-logo.png\",\"width\":512,\"height\":512,\"caption\":\"Santa Barbara Tenants Union\"},\"image\":{\"@id\":\"https:\\\/\\\/sbtu.org\\\/#\\\/schema\\\/logo\\\/image\\\/\"}}]}<\/script>\n<!-- \/ Yoast SEO plugin. -->","yoast_head_json":{"title":"Resources - Santa Barbara Tenants Union","robots":{"index":"index","follow":"follow","max-snippet":"max-snippet:-1","max-image-preview":"max-image-preview:large","max-video-preview":"max-video-preview:-1"},"canonical":"https:\/\/sbtu.org\/es\/resources\/","og_locale":"es_MX","og_type":"article","og_title":"Resources - Santa Barbara Tenants Union","og_description":"Resources \u00a0 \u00a0Tenant Organizing &amp; Empowerment Resources Tenant Association Handbook (LA Tenants Union) \u00a0Highly recommended if you live in a multi-unit building! Manuel Para Asociaciones de Inquilinxs (LA Tenants Union) How To Form A Tenant Association (NYS Tenants &amp; Neighbors) How To Build A Tenants Union (TANC) Tactics 4 Tenants Sample letters to write to [&hellip;]","og_url":"https:\/\/sbtu.org\/es\/resources\/","og_site_name":"Santa Barbara Tenants Union","article_modified_time":"2024-06-14T02:20:42+00:00","twitter_card":"summary_large_image","twitter_misc":{"Tiempo de lectura":"2 minutos"},"schema":{"@context":"https:\/\/schema.org","@graph":[{"@type":"WebPage","@id":"https:\/\/sbtu.org\/resources\/","url":"https:\/\/sbtu.org\/resources\/","name":"Resources - Santa Barbara Tenants Union","isPartOf":{"@id":"https:\/\/sbtu.org\/#website"},"datePublished":"2022-02-03T17:11:36+00:00","dateModified":"2024-06-14T02:20:42+00:00","breadcrumb":{"@id":"https:\/\/sbtu.org\/resources\/#breadcrumb"},"inLanguage":"es","potentialAction":[{"@type":"ReadAction","target":["https:\/\/sbtu.org\/resources\/"]}]},{"@type":"BreadcrumbList","@id":"https:\/\/sbtu.org\/resources\/#breadcrumb","itemListElement":[{"@type":"ListItem","position":1,"name":"Home","item":"https:\/\/sbtu.org\/"},{"@type":"ListItem","position":2,"name":"Resources"}]},{"@type":"WebSite","@id":"https:\/\/sbtu.org\/#website","url":"https:\/\/sbtu.org\/","name":"Santa Barbara Tenants Union","description":"Growing the tenant movement one building at a time","publisher":{"@id":"https:\/\/sbtu.org\/#organization"},"potentialAction":[{"@type":"SearchAction","target":{"@type":"EntryPoint","urlTemplate":"https:\/\/sbtu.org\/?s={search_term_string}"},"query-input":{"@type":"PropertyValueSpecification","valueRequired":true,"valueName":"search_term_string"}}],"inLanguage":"es"},{"@type":"Organization","@id":"https:\/\/sbtu.org\/#organization","name":"Santa Barbara Tenants Union","url":"https:\/\/sbtu.org\/","logo":{"@type":"ImageObject","inLanguage":"es","@id":"https:\/\/sbtu.org\/#\/schema\/logo\/image\/","url":"https:\/\/sbtu.org\/wp-content\/uploads\/2021\/12\/cropped-sbtu-logo.png","contentUrl":"https:\/\/sbtu.org\/wp-content\/uploads\/2021\/12\/cropped-sbtu-logo.png","width":512,"height":512,"caption":"Santa Barbara Tenants Union"},"image":{"@id":"https:\/\/sbtu.org\/#\/schema\/logo\/image\/"}}]}},"_links":{"self":[{"href":"https:\/\/sbtu.org\/es\/wp-json\/wp\/v2\/pages\/1026","targetHints":{"allow":["GET"]}}],"collection":[{"href":"https:\/\/sbtu.org\/es\/wp-json\/wp\/v2\/pages"}],"about":[{"href":"https:\/\/sbtu.org\/es\/wp-json\/wp\/v2\/types\/page"}],"author":[{"embeddable":true,"href":"https:\/\/sbtu.org\/es\/wp-json\/wp\/v2\/users\/1"}],"replies":[{"embeddable":true,"href":"https:\/\/sbtu.org\/es\/wp-json\/wp\/v2\/comments?post=1026"}],"version-history":[{"count":49,"href":"https:\/\/sbtu.org\/es\/wp-json\/wp\/v2\/pages\/1026\/revisions"}],"predecessor-version":[{"id":4729,"href":"https:\/\/sbtu.org\/es\/wp-json\/wp\/v2\/pages\/1026\/revisions\/4729"}],"wp:attachment":[{"href":"https:\/\/sbtu.org\/es\/wp-json\/wp\/v2\/media?parent=1026"}],"curies":[{"name":"wp","href":"https:\/\/api.w.org\/{rel}","templated":true}]}}